{"id":608,"date":"2011-09-25T16:51:23","date_gmt":"2011-09-25T16:51:23","guid":{"rendered":"http:\/\/pregonero.de\/?page_id=608"},"modified":"2011-09-25T16:51:23","modified_gmt":"2011-09-25T16:51:23","slug":"solution-10","status":"publish","type":"page","link":"http:\/\/pregonero.de\/?page_id=608","title":{"rendered":"Solution 10"},"content":{"rendered":"<div>\n<div id=\"fluxColumn\">\n<div id=\"contentContainer\">\n<div id=\"content\">\n<div id=\"c24562\">\n<table>\n<tbody>\n<tr>\n<td><\/td>\n<td>1<\/td>\n<td>2<\/td>\n<td>3<\/td>\n<td>4<\/td>\n<td>5<\/td>\n<\/tr>\n<tr>\n<td><strong>L1<br \/>\n<\/strong><\/td>\n<td><strong>en<br \/>\n<\/strong><\/td>\n<td><strong>twene<br \/>\n<\/strong><\/td>\n<td><strong>thria<br \/>\n<\/strong><\/td>\n<td><strong>fiuwar<br \/>\n<\/strong><\/td>\n<td><strong>fif<br \/>\n<\/strong><\/td>\n<\/tr>\n<tr>\n<td><strong>L2<br \/>\n<\/strong><\/td>\n<td><strong>jedyn<\/strong><\/td>\n<td><strong>dwaj<\/strong><\/td>\n<td><strong>t\u0159i<\/strong><\/td>\n<td><strong>\u0161tyri<\/strong><\/td>\n<td><strong>pje\u0107<\/strong><\/td>\n<\/tr>\n<tr>\n<td>L3<\/td>\n<td>i<\/td>\n<td>liang<\/td>\n<td>san<\/td>\n<td>ssu<\/td>\n<td>wu<\/td>\n<\/tr>\n<tr>\n<td><strong>L4<br \/>\n<\/strong><\/td>\n<td><strong>eka<\/strong><\/td>\n<td><strong>dvau<\/strong><\/td>\n<td><strong>trayas<\/strong><\/td>\n<td><strong>catur<\/strong><\/td>\n<td><strong>pa\u00f1ca<\/strong><\/td>\n<\/tr>\n<tr>\n<td>L5<\/td>\n<td>ichi<\/td>\n<td>ni<\/td>\n<td>san<\/td>\n<td>shi<\/td>\n<td>go<\/td>\n<\/tr>\n<tr>\n<td>L6<\/td>\n<td>echad<\/td>\n<td>shnayim<\/td>\n<td>shlosha<\/td>\n<td>arba?a<\/td>\n<td>chamishasha<\/td>\n<\/tr>\n<tr>\n<td>L7<\/td>\n<td>mot<\/td>\n<td>hai<\/td>\n<td>ba<\/td>\n<td>bon<\/td>\n<td>nam<\/td>\n<\/tr>\n<tr>\n<td><strong>L8<br \/>\n<\/strong><\/td>\n<td><strong>\u00fcn<\/strong><\/td>\n<td><strong>duos<\/strong><\/td>\n<td><strong>trais<\/strong><\/td>\n<td><strong>quatter<\/strong><\/td>\n<td><strong>tschinch<\/strong><\/td>\n<\/tr>\n<tr>\n<td>L9<\/td>\n<td>hana<\/td>\n<td>tul<\/td>\n<td>set<\/td>\n<td>net<\/td>\n<td>tas\u014ft<\/td>\n<\/tr>\n<tr>\n<td><strong>L10<br \/>\n<\/strong><\/td>\n<td><strong>yaw<\/strong><\/td>\n<td><strong>daw<\/strong><\/td>\n<td><strong>dree<\/strong><\/td>\n<td><strong>tsaloor<\/strong><\/td>\n<td><strong>pindze<\/strong><\/td>\n<\/tr>\n<tr>\n<td><strong>L11<br \/>\n<\/strong><\/td>\n<td><strong>uno<\/strong><\/td>\n<td><strong>dos<\/strong><\/td>\n<td><strong>tres<br \/>\n<\/strong><\/td>\n<td><strong>cuatro<br \/>\n<\/strong><\/td>\n<td><strong>cinco<br \/>\n<\/strong><\/td>\n<\/tr>\n<tr>\n<td>L12<\/td>\n<td>nigen<\/td>\n<td>khoyar<\/td>\n<td>ghorban<\/td>\n<td>durben<\/td>\n<td>tabon<\/td>\n<\/tr>\n<\/tbody>\n<\/table>\n<p>&nbsp;<\/p>\n<p>The languages in bold type, i.e. the languages 1, 2, 4, 8, 10 and 11 are related, They all belong to the Indo-European language family.<\/p>\n<p>Most people identify at least some of these languages as belonging together on this very small basis. This, of course, is not sufficient to prove that these languages are related, but it shows that basic numbers are an excellent field of study for this kind of question.<\/p>\n<p>Just in case you are interested, these are the languages involved in the exercise:<\/p>\n<p>L1 Old English<\/p>\n<p>L2 Czech<\/p>\n<p>L3 Mandarin Chinese<\/p>\n<p>L4 Sanskrit<\/p>\n<p>L5 Japanese<\/p>\n<p>L6 Hebrew<\/p>\n<p>L7 Vietnamese<\/p>\n<p>L8 Rhaeto-Romanic<\/p>\n<p>L9 Korean<\/p>\n<p>L10 Albanian<\/p>\n<p>L11 Spanish<\/p>\n<p>L12 Mongolian&nbsp;<\/p>\n<\/div>\n<\/div>\n<\/div>\n<\/div>\n<\/div>\n<p>&nbsp;<\/p>\n","protected":false},"excerpt":{"rendered":"<p>1 2 3 4 5 L1 en twene thria fiuwar fif L2 jedyn dwaj t\u0159i \u0161tyri pje\u0107 L3 i liang san ssu wu L4 eka dvau trayas catur pa\u00f1ca L5 ichi ni san shi go L6 echad shnayim shlosha arba?a &hellip; <a href=\"http:\/\/pregonero.de\/?page_id=608\">Continue reading <span class=\"meta-nav\">&rarr;<\/span><\/a><\/p>\n","protected":false},"author":1,"featured_media":0,"parent":606,"menu_order":0,"comment_status":"closed","ping_status":"open","template":"","meta":{"footnotes":""},"_links":{"self":[{"href":"http:\/\/pregonero.de\/index.php?rest_route=\/wp\/v2\/pages\/608"}],"collection":[{"href":"http:\/\/pregonero.de\/index.php?rest_route=\/wp\/v2\/pages"}],"about":[{"href":"http:\/\/pregonero.de\/index.php?rest_route=\/wp\/v2\/types\/page"}],"author":[{"embeddable":true,"href":"http:\/\/pregonero.de\/index.php?rest_route=\/wp\/v2\/users\/1"}],"replies":[{"embeddable":true,"href":"http:\/\/pregonero.de\/index.php?rest_route=%2Fwp%2Fv2%2Fcomments&post=608"}],"version-history":[{"count":1,"href":"http:\/\/pregonero.de\/index.php?rest_route=\/wp\/v2\/pages\/608\/revisions"}],"predecessor-version":[{"id":609,"href":"http:\/\/pregonero.de\/index.php?rest_route=\/wp\/v2\/pages\/608\/revisions\/609"}],"up":[{"embeddable":true,"href":"http:\/\/pregonero.de\/index.php?rest_route=\/wp\/v2\/pages\/606"}],"wp:attachment":[{"href":"http:\/\/pregonero.de\/index.php?rest_route=%2Fwp%2Fv2%2Fmedia&parent=608"}],"curies":[{"name":"wp","href":"https:\/\/api.w.org\/{rel}","templated":true}]}}