{"id":653,"date":"2011-09-25T17:12:38","date_gmt":"2011-09-25T17:12:38","guid":{"rendered":"http:\/\/pregonero.de\/?page_id=653"},"modified":"2011-09-25T17:14:21","modified_gmt":"2011-09-25T17:14:21","slug":"solution-15-2","status":"publish","type":"page","link":"http:\/\/pregonero.de\/?page_id=653","title":{"rendered":"Solution 15-2"},"content":{"rendered":"<p>On the basis of this, find the English equivalent of the following German words:<\/p>\n<ul>\n<li>k\u00f6nigliche Vorrechte<\/li>\n<li>eine m\u00e4nnliche Stimme<\/li>\n<li>Sprachkompetenz<\/li>\n<li>die w\u00f6rtliche Bedeutung<\/li>\n<li>Stadtentwicklung<\/li>\n<li>eine h\u00e4usliche Trag\u00f6die<\/li>\n<li>Mundhygiene<\/li>\n<li>Herzkrankheiten<\/li>\n<li>die t\u00f6dlichen \u00dcberreste<\/li>\n<li>die weibliche Sterblichkeitsrate<\/li>\n<li>eine Haushaltshilfe<\/li>\n<li>Frauenwahlrecht<\/li>\n<li>ein M\u00e4dchen aus dem Ort<\/li>\n<li>Todfeinde<\/li>\n<\/ul>\n<p><strong>\u00bb\u00a0<a title=\"Solution\" href=\"http:\/\/pregonero.de\/?page_id=657\">Solution<\/a><\/strong><\/p>\n<p>&nbsp;<\/p>\n","protected":false},"excerpt":{"rendered":"<p>On the basis of this, find the English equivalent of the following German words: k\u00f6nigliche Vorrechte eine m\u00e4nnliche Stimme Sprachkompetenz die w\u00f6rtliche Bedeutung Stadtentwicklung eine h\u00e4usliche Trag\u00f6die Mundhygiene Herzkrankheiten die t\u00f6dlichen \u00dcberreste die weibliche Sterblichkeitsrate eine Haushaltshilfe Frauenwahlrecht ein M\u00e4dchen &hellip; <a href=\"http:\/\/pregonero.de\/?page_id=653\">Continue reading <span class=\"meta-nav\">&rarr;<\/span><\/a><\/p>\n","protected":false},"author":1,"featured_media":0,"parent":647,"menu_order":2,"comment_status":"closed","ping_status":"open","template":"","meta":{"footnotes":""},"_links":{"self":[{"href":"http:\/\/pregonero.de\/index.php?rest_route=\/wp\/v2\/pages\/653"}],"collection":[{"href":"http:\/\/pregonero.de\/index.php?rest_route=\/wp\/v2\/pages"}],"about":[{"href":"http:\/\/pregonero.de\/index.php?rest_route=\/wp\/v2\/types\/page"}],"author":[{"embeddable":true,"href":"http:\/\/pregonero.de\/index.php?rest_route=\/wp\/v2\/users\/1"}],"replies":[{"embeddable":true,"href":"http:\/\/pregonero.de\/index.php?rest_route=%2Fwp%2Fv2%2Fcomments&post=653"}],"version-history":[{"count":3,"href":"http:\/\/pregonero.de\/index.php?rest_route=\/wp\/v2\/pages\/653\/revisions"}],"predecessor-version":[{"id":658,"href":"http:\/\/pregonero.de\/index.php?rest_route=\/wp\/v2\/pages\/653\/revisions\/658"}],"up":[{"embeddable":true,"href":"http:\/\/pregonero.de\/index.php?rest_route=\/wp\/v2\/pages\/647"}],"wp:attachment":[{"href":"http:\/\/pregonero.de\/index.php?rest_route=%2Fwp%2Fv2%2Fmedia&parent=653"}],"curies":[{"name":"wp","href":"https:\/\/api.w.org\/{rel}","templated":true}]}}