{"id":657,"date":"2011-09-25T17:14:01","date_gmt":"2011-09-25T17:14:01","guid":{"rendered":"http:\/\/pregonero.de\/?page_id=657"},"modified":"2011-09-25T17:15:32","modified_gmt":"2011-09-25T17:15:32","slug":"solution-15-3","status":"publish","type":"page","link":"http:\/\/pregonero.de\/?page_id=657","title":{"rendered":"Solution 15-3"},"content":{"rendered":"<table>\n<tbody>\n<tr>\n<td>k\u00f6nigliche Vorrechte<\/td>\n<td>royal prerogatives\/privileges<\/td>\n<\/tr>\n<tr>\n<td>eine m\u00e4nnliche Stimme<\/td>\n<td>a male voice<\/td>\n<\/tr>\n<tr>\n<td>Sprachkompetenz<\/td>\n<td>linguistic competence<\/td>\n<\/tr>\n<tr>\n<td>die w\u00f6rtliche Bedeutung<\/td>\n<td>the literal meaning<\/td>\n<\/tr>\n<tr>\n<td>Stadtentwicklung<\/td>\n<td>urban development<\/td>\n<\/tr>\n<tr>\n<td>eine h\u00e4usliche Trag\u00f6die<\/td>\n<td>a domestic tragedy<\/td>\n<\/tr>\n<tr>\n<td>Mundhygiene<\/td>\n<td>oral hygiene<\/td>\n<\/tr>\n<tr>\n<td>Herzkrankheiten<\/td>\n<td>cardiac diseases<\/td>\n<\/tr>\n<tr>\n<td>die t\u00f6dlichen \u00dcberreste<\/td>\n<td>the mortal remains<\/td>\n<\/tr>\n<tr>\n<td>weibliche Intuition<\/td>\n<td>female intuition<\/td>\n<\/tr>\n<tr>\n<td>eine Haushaltshilfe<\/td>\n<td>a domestic help<\/td>\n<\/tr>\n<tr>\n<td>Frauenwahlrecht<\/td>\n<td>female suffrage<\/td>\n<\/tr>\n<tr>\n<td>ein M\u00e4dchen aus dem Ort<\/td>\n<td>a local girl<\/td>\n<\/tr>\n<tr>\n<td>Todfeinde<\/td>\n<td>mortal enemies<\/td>\n<\/tr>\n<\/tbody>\n<\/table>\n<p>Sometimes, there is more than one possibility, and two or even three adjectives may correspond to one and the same noun. Here are some further adjectives: fatal, municipal, regal. Which of the adjectives in the list do they correspond to?<\/p>\n<p><strong>\u00bb\u00a0<a title=\"Solution\" href=\"http:\/\/pregonero.de\/?page_id=661\">Solution<\/a><\/strong><\/p>\n<p>&nbsp;<\/p>\n","protected":false},"excerpt":{"rendered":"<p>k\u00f6nigliche Vorrechte royal prerogatives\/privileges eine m\u00e4nnliche Stimme a male voice Sprachkompetenz linguistic competence die w\u00f6rtliche Bedeutung the literal meaning Stadtentwicklung urban development eine h\u00e4usliche Trag\u00f6die a domestic tragedy Mundhygiene oral hygiene Herzkrankheiten cardiac diseases die t\u00f6dlichen \u00dcberreste the mortal remains &hellip; <a href=\"http:\/\/pregonero.de\/?page_id=657\">Continue reading <span class=\"meta-nav\">&rarr;<\/span><\/a><\/p>\n","protected":false},"author":1,"featured_media":0,"parent":647,"menu_order":3,"comment_status":"closed","ping_status":"open","template":"","meta":{"footnotes":""},"_links":{"self":[{"href":"http:\/\/pregonero.de\/index.php?rest_route=\/wp\/v2\/pages\/657"}],"collection":[{"href":"http:\/\/pregonero.de\/index.php?rest_route=\/wp\/v2\/pages"}],"about":[{"href":"http:\/\/pregonero.de\/index.php?rest_route=\/wp\/v2\/types\/page"}],"author":[{"embeddable":true,"href":"http:\/\/pregonero.de\/index.php?rest_route=\/wp\/v2\/users\/1"}],"replies":[{"embeddable":true,"href":"http:\/\/pregonero.de\/index.php?rest_route=%2Fwp%2Fv2%2Fcomments&post=657"}],"version-history":[{"count":3,"href":"http:\/\/pregonero.de\/index.php?rest_route=\/wp\/v2\/pages\/657\/revisions"}],"predecessor-version":[{"id":663,"href":"http:\/\/pregonero.de\/index.php?rest_route=\/wp\/v2\/pages\/657\/revisions\/663"}],"up":[{"embeddable":true,"href":"http:\/\/pregonero.de\/index.php?rest_route=\/wp\/v2\/pages\/647"}],"wp:attachment":[{"href":"http:\/\/pregonero.de\/index.php?rest_route=%2Fwp%2Fv2%2Fmedia&parent=657"}],"curies":[{"name":"wp","href":"https:\/\/api.w.org\/{rel}","templated":true}]}}